{"id":42,"date":"2024-01-29T14:56:17","date_gmt":"2024-01-29T13:56:17","guid":{"rendered":"https:\/\/forelectronic.pl\/?page_id=42"},"modified":"2024-01-29T16:13:40","modified_gmt":"2024-01-29T15:13:40","slug":"strona-glowna","status":"publish","type":"page","link":"https:\/\/forelectronic.pl\/","title":{"rendered":"Strona g\u0142\u00f3wna"},"content":{"rendered":"\n<div class=\"wp-block-cover alignfull\" style=\"min-height:700px;aspect-ratio:unset;\"><span aria-hidden=\"true\" class=\"wp-block-cover__background has-background-dim-0 has-background-dim\"><\/span><img loading=\"lazy\" decoding=\"async\" width=\"2560\" height=\"768\" class=\"wp-block-cover__image-background wp-image-25\" alt=\"\" src=\"https:\/\/forelectronic.pl\/wp-content\/uploads\/2024\/01\/AdobeStock_633240831-scaled.jpeg\" data-object-fit=\"cover\" srcset=\"https:\/\/forelectronic.pl\/wp-content\/uploads\/2024\/01\/AdobeStock_633240831-scaled.jpeg 2560w, https:\/\/forelectronic.pl\/wp-content\/uploads\/2024\/01\/AdobeStock_633240831-300x90.jpeg 300w, https:\/\/forelectronic.pl\/wp-content\/uploads\/2024\/01\/AdobeStock_633240831-1024x307.jpeg 1024w, https:\/\/forelectronic.pl\/wp-content\/uploads\/2024\/01\/AdobeStock_633240831-768x230.jpeg 768w, https:\/\/forelectronic.pl\/wp-content\/uploads\/2024\/01\/AdobeStock_633240831-1536x461.jpeg 1536w, https:\/\/forelectronic.pl\/wp-content\/uploads\/2024\/01\/AdobeStock_633240831-2048x614.jpeg 2048w\" sizes=\"auto, (max-width: 2560px) 100vw, 2560px\" \/><div class=\"wp-block-cover__inner-container is-layout-flow wp-block-cover-is-layout-flow\">\n<div style=\"height:80px\" aria-hidden=\"true\" class=\"wp-block-spacer\"><\/div>\n\n\n\n<h1 class=\"wp-block-heading has-text-align-center has-text-color\" style=\"color:#121212\"><mark style=\"background-color:rgba(0, 0, 0, 0)\" class=\"has-inline-color has-nv-text-dark-bg-color\">W trosce o bezpiecze\u0144stwo Twojej elektroniki<\/mark><\/h1>\n\n\n\n<p class=\"has-text-align-center has-text-color\" style=\"color:#121212;font-size:26px\"><strong><mark style=\"background-color:rgba(0, 0, 0, 0)\" class=\"has-inline-color has-nv-text-dark-bg-color\">Zabezpieczamy uk\u0142ady elektroniczne przed wilgoci\u0105, wod\u0105, kurzem oraz innymi niekorzystnymi czynnikami zewn\u0119trznymi.<\/mark><\/strong><\/p>\n\n\n\n<p><\/p>\n<\/div><\/div>\n\n\n\n<p><\/p>\n\n\n\n<p class=\"has-text-align-center has-medium-font-size\"><strong>Czy zastanawia\u0142e\u015b si\u0119 kiedy\u015b, jak Twoje drogocenne p\u0142ytki PCB i uk\u0142ady elektroniczne radz\u0105 sobie w trudnych warunkach atmosferycznych?<\/strong><\/p>\n\n\n\n<p class=\"has-text-align-center has-medium-font-size\"><strong> Nasze innowacyjne rozwi\u0105zania z zakresu zabezpieczania przed wilgoci\u0105, wod\u0105, kurzem i innymi czynnikami zewn\u0119trznymi to gwarancja bezpiecze\u0144stwa Twoich inwestycji.<\/strong><\/p>\n\n\n\n<div style=\"height:100px\" aria-hidden=\"true\" class=\"wp-block-spacer\"><\/div>\n\n\n\n<p class=\"has-text-align-center has-large-font-size\"><strong> Ofert\u0119 kierujemy do:<\/strong><\/p>\n\n\n\n<div class=\"wp-block-columns is-layout-flex wp-container-core-columns-is-layout-9d6595d7 wp-block-columns-is-layout-flex\">\n<div class=\"wp-block-column is-layout-flow wp-block-column-is-layout-flow\">\n<div style=\"height:20px\" aria-hidden=\"true\" class=\"wp-block-spacer\"><\/div>\n\n\n\n<h3 class=\"wp-block-heading has-text-align-center has-neve-link-color-color has-text-color\"><strong>Przemys\u0142 Elektroniczny i Producenci Urz\u0105dze\u0144 Elektronicznych<\/strong><\/h3>\n\n\n\n<div style=\"height:0px\" aria-hidden=\"true\" class=\"wp-block-spacer\"><\/div>\n\n\n\n<p><strong>Grupa docelowa<\/strong>: Producenci sprz\u0119tu elektronicznego, w tym o\u015bwietlenia, smartfon\u00f3w, laptop\u00f3w, tablet\u00f3w i innych urz\u0105dze\u0144 elektronicznych.<br><strong>Dlaczego<\/strong>: Zabezpieczanie p\u0142ytek PCB i uk\u0142ad\u00f3w przed wilgoci\u0105 i kurzem jest kluczowe dla utrzymania wysokiej jako\u015bci oraz trwa\u0142o\u015bci elektroniki, co wp\u0142ywa na reputacj\u0119 i zaufanie konsument\u00f3w.<\/p>\n\n\n\n<h3 class=\"wp-block-heading has-text-align-center has-neve-link-color-color has-text-color\"><strong><strong>Medycyna i Technologie Medyczne<\/strong><\/strong><\/h3>\n\n\n\n<p><strong>Grupa docelowa<\/strong>: Producenci urz\u0105dze\u0144 medycznych, do monitorowania pacjent\u00f3w, a tak\u017ce zaawansowanych system\u00f3w diagnostycznych.<br><strong>Dlaczego<\/strong>: Elektronika w dziedzinie medycyny musi dzia\u0142a\u0107 precyzyjnie, nawet w \u015brodowiskach o zmiennych warunkach. Prawid\u0142owo\u015b\u0107 pracy jest kluczowa dla zapewnienia skuteczno\u015bci leczenia i bezpiecze\u0144stwa pacjent\u00f3w.<\/p>\n\n\n\n<p><\/p>\n<\/div>\n\n\n\n<div class=\"wp-block-column is-layout-flow wp-block-column-is-layout-flow\">\n<div style=\"height:20px\" aria-hidden=\"true\" class=\"wp-block-spacer\"><\/div>\n\n\n\n<h3 class=\"wp-block-heading has-text-align-center has-neve-link-color-color has-text-color has-link-color wp-elements-d05a640244286973aeff6315074df0e1\"><strong>Motoryzacja i Przemys\u0142 Lotniczy<\/strong><\/h3>\n\n\n\n<div style=\"height:31px\" aria-hidden=\"true\" class=\"wp-block-spacer\"><\/div>\n\n\n\n<p><strong>Grupa docelowa<\/strong>: Producenci samochod\u00f3w, motocykli, a tak\u017ce firm zajmuj\u0105ce si\u0119 produkcj\u0105 komponent\u00f3w lotniczych.<br><strong>Dlaczego<\/strong>: Elektronika w pojazdach czy samolotach musi dzia\u0142a\u0107 niezawodnie, nawet w trudnych warunkach atmosferycznych. Zabezpieczenia przed wilgoci\u0105 i wod\u0105 s\u0105 kluczowe dla bezpiecze\u0144stwa i trwa\u0142o\u015bci tych pojazd\u00f3w.<\/p>\n\n\n\n<div style=\"height:20px\" aria-hidden=\"true\" class=\"wp-block-spacer\"><\/div>\n<\/div>\n\n\n\n<div class=\"wp-block-column is-layout-flow wp-block-column-is-layout-flow\">\n<div style=\"height:20px\" aria-hidden=\"true\" class=\"wp-block-spacer\"><\/div>\n\n\n\n<h3 class=\"wp-block-heading has-text-align-center has-neve-link-color-color has-text-color\"><strong>Energetyka i Automatyka Przemys\u0142owa<\/strong><\/h3>\n\n\n\n<div style=\"height:33px\" aria-hidden=\"true\" class=\"wp-block-spacer\"><\/div>\n\n\n\n<p><strong>Grupa docelowa<\/strong>: Firmy zajmuj\u0105ce si\u0119 produkcj\u0105 urz\u0105dze\u0144 automatyki przemys\u0142owej, system\u00f3w monitoringu oraz sterowania procesami przemys\u0142owymi.<br><strong>Dlaczego<\/strong>: W tych bran\u017cach niezawodno\u015b\u0107 elektroniki jest kluczowa dla bezpiecze\u0144stwa i efektywno\u015bci proces\u00f3w przemys\u0142owych. Ochrona przed czynnikami zewn\u0119trznymi jest niezb\u0119dna.<\/p>\n\n\n\n<h3 class=\"wp-block-heading has-text-align-center has-neve-link-color-color has-text-color\">Telekomunikacja i Infrastruktura Sieciowa<\/h3>\n\n\n\n<p><strong>Grupa docelowa<\/strong>: Producenci sprz\u0119tu telekomunikacyjnego, dostawcy us\u0142ug internetowych, a tak\u017ce firmy zajmuj\u0105ce si\u0119 infrastruktur\u0105 sieciow\u0105.<br><strong>Dlaczego<\/strong>: W dziedzinie telekomunikacji niezawodno\u015b\u0107 sprz\u0119tu jest kluczowa dla utrzymania ci\u0105g\u0142o\u015bci us\u0142ug. Ochrona przed warunkami atmosferycznymi wp\u0142ywa na trwa\u0142o\u015b\u0107 i efektywno\u015b\u0107 system\u00f3w<\/p>\n\n\n\n<p><\/p>\n<\/div>\n<\/div>\n\n\n\n<p class=\"has-text-align-center\"><strong>Podsumowuj\u0105c, Klientami dla naszych rozwi\u0105za\u0144 zabezpieczaj\u0105cych p\u0142ytki PCB i uk\u0142ady elektroniczne s\u0105 producenci obejmuj\u0105cy szeroki zakres bran\u017c, gdzie niezawodno\u015b\u0107 elektroniki jest kluczowa dla sukcesu operacyjnego i reputacji. Innowacyjne technologie zabezpieczaj\u0105ce stanowi\u0105 strategiczn\u0105 inwestycj\u0119 dla firm, kt\u00f3re ceni\u0105 sobie niezawodno\u015b\u0107 i trwa\u0142o\u015b\u0107 swoich produkt\u00f3w.<\/strong><\/p>\n\n\n\n<div class=\"wp-block-cover alignfull is-light\" style=\"min-height:600px;aspect-ratio:unset;\"><span aria-hidden=\"true\" class=\"wp-block-cover__background has-nv-light-bg-background-color has-background-dim-100 has-background-dim\"><\/span><div class=\"wp-block-cover__inner-container is-layout-flow wp-block-cover-is-layout-flow\">\n<div class=\"wp-block-group\"><div class=\"wp-block-group__inner-container is-layout-flow wp-block-group-is-layout-flow\">\n<div style=\"height:80px\" aria-hidden=\"true\" class=\"wp-block-spacer\"><\/div>\n\n\n\n<p class=\"has-large-font-size\"><strong>Dlaczego warto z nami wsp\u00f3\u0142pracowa\u0107<\/strong><\/p>\n\n\n\n<div class=\"wp-block-columns are-vertically-aligned-center is-layout-flex wp-container-core-columns-is-layout-9d6595d7 wp-block-columns-is-layout-flex\">\n<div class=\"wp-block-column is-vertically-aligned-center is-layout-flow wp-block-column-is-layout-flow\" style=\"flex-basis:50%\">\n<figure class=\"wp-block-image size-large\"><img loading=\"lazy\" decoding=\"async\" width=\"1024\" height=\"574\" src=\"https:\/\/forelectronic.pl\/wp-content\/uploads\/2024\/01\/AdobeStock_641501310-1024x574.jpeg\" alt=\"\" class=\"wp-image-27\" srcset=\"https:\/\/forelectronic.pl\/wp-content\/uploads\/2024\/01\/AdobeStock_641501310-1024x574.jpeg 1024w, https:\/\/forelectronic.pl\/wp-content\/uploads\/2024\/01\/AdobeStock_641501310-300x168.jpeg 300w, https:\/\/forelectronic.pl\/wp-content\/uploads\/2024\/01\/AdobeStock_641501310-768x430.jpeg 768w, https:\/\/forelectronic.pl\/wp-content\/uploads\/2024\/01\/AdobeStock_641501310-1536x861.jpeg 1536w, https:\/\/forelectronic.pl\/wp-content\/uploads\/2024\/01\/AdobeStock_641501310-2048x1148.jpeg 2048w\" sizes=\"auto, (max-width: 1024px) 100vw, 1024px\" \/><\/figure>\n<\/div>\n\n\n\n<div class=\"wp-block-column is-vertically-aligned-center is-layout-flow wp-block-column-is-layout-flow\" style=\"flex-basis:50%\">\n<div style=\"height:20px\" aria-hidden=\"true\" class=\"wp-block-spacer\"><\/div>\n\n\n\n<ol class=\"wp-block-list\">\n<li><strong>Do\u015bwiadczenie<\/strong>: od wielu lat zajmujemy si\u0119 doborem \u017cywic i klej\u00f3w w zakresie potrzeb rynku uk\u0142ad\u00f3w elektronicznych oraz r\u00f3\u017cnego rodzaju  konstrukcji. Znamy najnowsze trendy i potrafimy si\u0119 zmienia\u0107 by dostosowa\u0107 si\u0119 do zmieniaj\u0105cych si\u0119 warunk\u00f3w.<\/li>\n\n\n\n<li><strong>Kompetencje<\/strong>: specjalizujemy si\u0119 w us\u0142ugach conformal coating oraz zalewaniu \u017cywicami. To zaawansowane technologie, kt\u00f3re stanowi\u0105 solidn\u0105 barier\u0119 ochronn\u0105, zapewniaj\u0105c niezawodno\u015b\u0107 nawet w najbardziej wymagaj\u0105cych warunkach.<\/li>\n\n\n\n<li><strong>Indywidualne podej\u015bcie<\/strong>: rozumiemy, \u017ce ka\u017cdy klient ma unikalne potrzeby, dlatego te\u017c oferujemy spersonalizowane podej\u015bcie do zabezpieczania elektroniki, dostosowane do konkretnych wymaga\u0144 i specyfikacji.<\/li>\n\n\n\n<li><strong>Zaanga\u017cowanie w Jako\u015b\u0107<\/strong>: k\u0142adziemy ogromny nacisk na jako\u015b\u0107 \u015bwiadczonych us\u0142ug. Stosujemy najwy\u017csze standardy bran\u017cowe, dbaj\u0105c o to, aby nasze rozwi\u0105zania by\u0142y nie tylko skuteczne, ale r\u00f3wnie\u017c trwa\u0142e.<\/li>\n\n\n\n<li><strong>Elastyczno\u015b\u0107 i Terminowo\u015b\u0107<\/strong>: mamy pe\u0142n\u0105 \u015bwiadomo\u015b\u0107, \u017ce czas jest kluczowy, st\u0105d dostosowujemy si\u0119 do harmonogram\u00f3w klienta, oferuj\u0105c elastyczno\u015b\u0107 i terminowo\u015b\u0107 we wszystkich naszych dzia\u0142aniach.<\/li>\n<\/ol>\n\n\n\n<div class=\"wp-block-buttons is-content-justification-left is-layout-flex wp-container-core-buttons-is-layout-fdcfc74e wp-block-buttons-is-layout-flex\">\n<div class=\"wp-block-button is-style-primary\"><a class=\"wp-block-button__link wp-element-button\" href=\"https:\/\/forelectronic.pl\/?page_id=43\">OFERTA<\/a><\/div>\n<\/div>\n<\/div>\n<\/div>\n\n\n\n<div style=\"height:40px\" aria-hidden=\"true\" class=\"wp-block-spacer\"><\/div>\n<\/div><\/div>\n<\/div><\/div>\n\n\n\n<div class=\"wp-block-cover alignfull is-light\" style=\"min-height:1136px;aspect-ratio:unset;\"><span aria-hidden=\"true\" class=\"wp-block-cover__background has-nv-site-bg-background-color has-background-dim-100 has-background-dim\"><\/span><div class=\"wp-block-cover__inner-container is-layout-flow wp-block-cover-is-layout-flow\">\n<div class=\"wp-block-group\"><div class=\"wp-block-group__inner-container is-layout-flow wp-block-group-is-layout-flow\">\n<div style=\"height:80px\" aria-hidden=\"true\" class=\"wp-block-spacer\"><\/div>\n\n\n\n<div class=\"wp-block-columns are-vertically-aligned-center is-layout-flex wp-container-core-columns-is-layout-9d6595d7 wp-block-columns-is-layout-flex\">\n<div class=\"wp-block-column is-vertically-aligned-center is-layout-flow wp-block-column-is-layout-flow\" style=\"flex-basis:50%\">\n<p><strong>Czy zastanawia\u0142e\u015b si\u0119 kiedy\u015b, jak Twoje p\u0142ytki PCB i uk\u0142ady elektroniczne radz\u0105 sobie w trudnych warunkach atmosferycznych? <\/strong><\/p>\n\n\n\n<p><strong>Nasze innowacyjne rozwi\u0105zania z zakresu zabezpieczania przed wilgoci\u0105, wod\u0105, kurzem i innymi czynnikami zewn\u0119trznymi to gwarancja bezpiecze\u0144stwa Twoich inwestycji.<\/strong><\/p>\n\n\n\n<ol class=\"wp-block-list\">\n<li><strong>Bezpiecze\u0144stwo<\/strong>: wdro\u017cone technologie zabezpieczaj\u0105 elektronik\u0119 przed skutkami wilgoci, co eliminuje ryzyko uszkodze\u0144 spowodowanych przez korozj\u0119; dzi\u0119ki temu Twoje urz\u0105dzenia pracuj\u0105 stabilnie, nawet w trudnych warunkach.<\/li>\n\n\n\n<li><strong>Wodoodporno\u015b\u0107<\/strong>: proponowane rozwi\u0105zania powoduj\u0105 \u017ce Twoje p\u0142ytki PCB s\u0105 ca\u0142kowicie odporne na dzia\u0142anie wody. To kluczowe, zw\u0142aszcza je\u015bli Twoje urz\u0105dzenia s\u0105 poddawane ekstremalnym warunkom atmosferycznym lub pracuj\u0105 w \u015brodowiskach wilgotnych.<\/li>\n\n\n\n<li><strong>Ochrona przed kurzem i py\u0142ami<\/strong>: specjalne pow\u0142oki zapewniaj\u0105 nieprzeniknion\u0105 barier\u0119, chroni\u0105c elektronik\u0119 przed kurzem i zanieczyszczeniami. To oznacza, \u017ce nawet w miejscach o du\u017cej ilo\u015bci py\u0142\u00f3w, Twoje uk\u0142ady elektroniczne pozostan\u0105 czyste i sprawne.<\/li>\n\n\n\n<li><strong>D\u0142u\u017csza \u017cywotno\u015b\u0107 urz\u0105dze\u0144<\/strong>: zabezpieczaj\u0105c p\u0142ytki PCB przed szkodliwymi czynnikami zewn\u0119trznymi, nasze rozwi\u0105zania przyczyniaj\u0105 si\u0119 do przed\u0142u\u017cenia \u017cywotno\u015bci Twoich urz\u0105dze\u0144. To inwestycja w d\u0142ugotrwa\u0142e korzy\u015bci i oszcz\u0119dno\u015b\u0107 koszt\u00f3w zwi\u0105zanych z naprawami czy wymian\u0105 uszkodzonych komponent\u00f3w.<\/li>\n\n\n\n<li><strong>Przemy\u015blane odprowadzanie temperatury<\/strong>: dzi\u0119ki zastosowanym komponentom, poprawiamy odprowadzanie temperatury z uk\u0142ad\u00f3w elektronicznych, co jak wiemy jest jednym z najistotniejszych element\u00f3w decyduj\u0105cych o bezawaryjnej pracy.<\/li>\n<\/ol>\n\n\n\n<div class=\"wp-block-buttons is-content-justification-left is-layout-flex wp-container-core-buttons-is-layout-fdcfc74e wp-block-buttons-is-layout-flex\">\n<div class=\"wp-block-button is-style-primary\"><a class=\"wp-block-button__link wp-element-button\">OFERTA<\/a><\/div>\n<\/div>\n\n\n\n<div style=\"height:40px\" aria-hidden=\"true\" class=\"wp-block-spacer\"><\/div>\n<\/div>\n\n\n\n<div class=\"wp-block-column is-vertically-aligned-center is-layout-flow wp-block-column-is-layout-flow\" style=\"flex-basis:50%\">\n<figure class=\"wp-block-image\"><img decoding=\"async\" src=\"https:\/\/forelectronic.pl\/wp-content\/themes\/neve\/assets\/img\/starter-content\/card-04.jpg\" alt=\"\"\/><\/figure>\n<\/div>\n<\/div>\n\n\n\n<div style=\"height:40px\" aria-hidden=\"true\" class=\"wp-block-spacer\"><\/div>\n<\/div><\/div>\n<\/div><\/div>\n\n\n\n<div class=\"wp-block-cover alignfull is-light\" style=\"min-height:345px;aspect-ratio:unset;\"><span aria-hidden=\"true\" class=\"wp-block-cover__background has-nv-dark-bg-background-color has-background-dim-100 has-background-dim\"><\/span><div class=\"wp-block-cover__inner-container is-layout-flow wp-block-cover-is-layout-flow\">\n<h2 class=\"wp-block-heading has-text-align-center has-nv-text-dark-bg-color has-text-color\">Zabezpieczaj z nami to co decyduje o Twoim sukcesie<\/h2>\n\n\n\n<p class=\"has-text-align-center has-medium-font-size\">Lorem ipsum dolor sit amet, consectetur adipiscing elit. Ut elit tellus, luctus <br>nec ullamcorper mattis, pulvinar dapibus leo.<\/p>\n\n\n\n<div class=\"wp-block-buttons is-content-justification-center is-layout-flex wp-container-core-buttons-is-layout-16018d1d wp-block-buttons-is-layout-flex\">\n<div class=\"wp-block-button is-style-primary\"><a class=\"wp-block-button__link wp-element-button\" href=\"https:\/\/forelectronic.pl\/?page_id=44\">KONTAKT<\/a><\/div>\n<\/div>\n<\/div><\/div>\n","protected":false},"excerpt":{"rendered":"<p>Czy zastanawia\u0142e\u015b si\u0119 kiedy\u015b, jak Twoje drogocenne p\u0142ytki PCB i uk\u0142ady elektroniczne radz\u0105 sobie w trudnych warunkach atmosferycznych? Nasze innowacyjne rozwi\u0105zania z zakresu zabezpieczania przed wilgoci\u0105, wod\u0105, kurzem i innymi czynnikami zewn\u0119trznymi to gwarancja bezpiecze\u0144stwa Twoich inwestycji. Ofert\u0119 kierujemy do: Przemys\u0142 Elektroniczny i Producenci Urz\u0105dze\u0144 Elektronicznych Grupa docelowa: Producenci sprz\u0119tu elektronicznego, w tym o\u015bwietlenia, smartfon\u00f3w,&hellip;&nbsp;<a href=\"https:\/\/forelectronic.pl\/\" class=\"\" rel=\"bookmark\">Czytaj dalej &raquo;<span class=\"screen-reader-text\">Strona g\u0142\u00f3wna<\/span><\/a><\/p>\n","protected":false},"author":1,"featured_media":0,"parent":0,"menu_order":0,"comment_status":"closed","ping_status":"closed","template":"","meta":{"neve_meta_sidebar":"","neve_meta_container":"","neve_meta_enable_content_width":"on","neve_meta_content_width":100,"neve_meta_title_alignment":"","neve_meta_author_avatar":"","neve_post_elements_order":"","neve_meta_disable_header":"","neve_meta_disable_footer":"","neve_meta_disable_title":"on","_ti_tpc_template_sync":false,"_ti_tpc_template_id":"","footnotes":""},"class_list":["post-42","page","type-page","status-publish","hentry"],"_links":{"self":[{"href":"https:\/\/forelectronic.pl\/index.php?rest_route=\/wp\/v2\/pages\/42","targetHints":{"allow":["GET"]}}],"collection":[{"href":"https:\/\/forelectronic.pl\/index.php?rest_route=\/wp\/v2\/pages"}],"about":[{"href":"https:\/\/forelectronic.pl\/index.php?rest_route=\/wp\/v2\/types\/page"}],"author":[{"embeddable":true,"href":"https:\/\/forelectronic.pl\/index.php?rest_route=\/wp\/v2\/users\/1"}],"replies":[{"embeddable":true,"href":"https:\/\/forelectronic.pl\/index.php?rest_route=%2Fwp%2Fv2%2Fcomments&post=42"}],"version-history":[{"count":25,"href":"https:\/\/forelectronic.pl\/index.php?rest_route=\/wp\/v2\/pages\/42\/revisions"}],"predecessor-version":[{"id":189,"href":"https:\/\/forelectronic.pl\/index.php?rest_route=\/wp\/v2\/pages\/42\/revisions\/189"}],"wp:attachment":[{"href":"https:\/\/forelectronic.pl\/index.php?rest_route=%2Fwp%2Fv2%2Fmedia&parent=42"}],"curies":[{"name":"wp","href":"https:\/\/api.w.org\/{rel}","templated":true}]}}